{"id":554,"date":"2024-06-14T20:35:41","date_gmt":"2024-06-14T20:35:41","guid":{"rendered":"https:\/\/www.pasta-du-monde.com\/?post_type=product&#038;p=554"},"modified":"2024-07-18T09:58:50","modified_gmt":"2024-07-18T09:58:50","slug":"fusilli-a-la-sauce-de-cacahuetes-ouest-africaine","status":"publish","type":"product","link":"https:\/\/www.pasta-du-monde.com\/fr\/produit\/fusilli-a-la-sauce-de-cacahuetes-ouest-africaine\/","title":{"rendered":"Fusilli Sauce Cacahu\u00e8tes \u00e0 l&rsquo;Africaine"},"content":{"rendered":"<p>Une incroyable fusion des saveurs africaines dans une assiette r\u00e9confortante! Ces fusilli sont enrob\u00e9s d&rsquo;une sauce onctueuse \u00e0 base de beurre de cacahu\u00e8tes grill\u00e9es, relev\u00e9e par des tomates fra\u00eeches et des oignons caram\u00e9lis\u00e9s. Un bouillon de l\u00e9gumes vient apporter de la rondeur. Pour une touche vivifiante, de d\u00e9licats \u00e9pinards sont ajout\u00e9s en fin de cuisson. Et si vous aimez les saveurs \u00e9pic\u00e9es, une pointe de piment vient sublimer l&rsquo;ensemble. Un plat convivial qui vous fera voyager au c\u0153ur de l&rsquo;Afrique de l&rsquo;Ouest par ses parfums authenticement r\u00e9gressifs.<\/p>\n<p><strong>Ingr\u00e9dients :<\/strong> Fusilli, beurre de cacahu\u00e8te, tomates, oignons, ail, \u00e9pinards, piment (facultatif), bouillon de l\u00e9gumes.<\/p>\n<p><strong>Pr\u00e9paration :<\/strong><\/p>\n<ol>\n<li>Faites cuire les fusilli selon les instructions sur l&#8217;emballage.<\/li>\n<li>Faites revenir les oignons et l&rsquo;ail dans une po\u00eale, ajoutez les tomates et le beurre de cacahu\u00e8te.<\/li>\n<li>Ajoutez le bouillon de l\u00e9gumes et laissez mijoter, ajoutez les \u00e9pinards en fin de cuisson.<\/li>\n<li>M\u00e9langez les fusilli avec la sauce de cacahu\u00e8tes, ajoutez du piment selon votre go\u00fbt.<\/li>\n<\/ol>\n","protected":false},"excerpt":{"rendered":"<div class=\"font-claude-message pr-4 md:pr-9 relative leading-[1.65rem] [&amp;_pre&gt;div]:bg-bg-300 [&amp;_pre]:-mr-4 md:[&amp;_pre]:-mr-9\">\n<div>\n<div class=\"grid-col-1 grid gap-2.5 [&amp;_&gt;_*]:min-w-0\">\n<p class=\"whitespace-pre-wrap break-words\">Fusilli envelopp\u00e9s d&rsquo;une sauce cr\u00e9meuse au beurre de cacahu\u00e8tes, tomates, oignons et \u00e9pinards. Plat africain savoureux et r\u00e9confortant.Fusilli \u00e0 la Sauce de Cacahu\u00e8tes Ouest-Africaine<\/p>\n<\/div>\n<\/div>\n<\/div>\n","protected":false},"featured_media":608,"comment_status":"open","ping_status":"closed","template":"","meta":[],"product_brand":[],"product_cat":[29],"product_tag":[39],"class_list":{"0":"post-554","1":"product","2":"type-product","3":"status-publish","4":"has-post-thumbnail","6":"product_cat-pasta-africaine","7":"product_tag-plats","9":"first","10":"instock","11":"shipping-taxable","12":"purchasable","13":"product-type-simple","14":"add-to-wishlist-after_add_to_cart"},"_links":{"self":[{"href":"https:\/\/www.pasta-du-monde.com\/fr\/wp-json\/wp\/v2\/product\/554","targetHints":{"allow":["GET"]}}],"collection":[{"href":"https:\/\/www.pasta-du-monde.com\/fr\/wp-json\/wp\/v2\/product"}],"about":[{"href":"https:\/\/www.pasta-du-monde.com\/fr\/wp-json\/wp\/v2\/types\/product"}],"replies":[{"embeddable":true,"href":"https:\/\/www.pasta-du-monde.com\/fr\/wp-json\/wp\/v2\/comments?post=554"}],"wp:featuredmedia":[{"embeddable":true,"href":"https:\/\/www.pasta-du-monde.com\/fr\/wp-json\/wp\/v2\/media\/608"}],"wp:attachment":[{"href":"https:\/\/www.pasta-du-monde.com\/fr\/wp-json\/wp\/v2\/media?parent=554"}],"wp:term":[{"taxonomy":"product_brand","embeddable":true,"href":"https:\/\/www.pasta-du-monde.com\/fr\/wp-json\/wp\/v2\/product_brand?post=554"},{"taxonomy":"product_cat","embeddable":true,"href":"https:\/\/www.pasta-du-monde.com\/fr\/wp-json\/wp\/v2\/product_cat?post=554"},{"taxonomy":"product_tag","embeddable":true,"href":"https:\/\/www.pasta-du-monde.com\/fr\/wp-json\/wp\/v2\/product_tag?post=554"}],"curies":[{"name":"wp","href":"https:\/\/api.w.org\/{rel}","templated":true}]}}