{"id":567,"date":"2024-06-15T04:04:09","date_gmt":"2024-06-15T04:04:09","guid":{"rendered":"https:\/\/www.pasta-du-monde.com\/?post_type=product&#038;p=567"},"modified":"2024-07-18T11:56:42","modified_gmt":"2024-07-18T11:56:42","slug":"salade-de-pates-chinoise","status":"publish","type":"product","link":"https:\/\/www.pasta-du-monde.com\/fr\/produit\/salade-de-pates-chinoise\/","title":{"rendered":"Salade Chinoise aux P\u00e2tes Italiennes"},"content":{"rendered":"<p>Une salade de p\u00e2tes fra\u00eeche et croquante, parfaite pour les chaudes journ\u00e9es d&rsquo;\u00e9t\u00e9! Des p\u00e2tes al dente s&rsquo;entrem\u00ealent \u00e0 une g\u00e9n\u00e9reuse portion de crudit\u00e9s telles que concombre, tomates, poivrons et oignon rouge. Une vinaigrette citronn\u00e9e l\u00e9g\u00e8rement relev\u00e9e de cumin vient lier le tout. Parsem\u00e9e de coriandre fra\u00eeche, une explosion de saveurs et de fra\u00eecheur dans votre assiette !<\/p>\n<p><strong>Ingr\u00e9dients :<\/strong> P\u00e2tes (penne, fusilli, etc.), concombre, tomate, oignon rouge, poivron vert, poivron rouge, coriandre fra\u00eeche, jus de citron, huile d&rsquo;olive, cumin en poudre, sel, poivre.<\/p>\n<p><strong>Pr\u00e9paration :<\/strong><\/p>\n<ol>\n<li>Fais cuire les p\u00e2tes selon les instructions sur l&#8217;emballage, puis \u00e9goutte-les et laisse-les refroidir.<\/li>\n<li>Dans un bol, m\u00e9lange les d\u00e9s de concombre, de tomate, d&rsquo;oignon rouge, de poivron vert, de poivron rouge et de coriandre fra\u00eeche.<\/li>\n<li>Ajoute les p\u00e2tes cuites et refroidies au m\u00e9lange de l\u00e9gumes dans le bol.<\/li>\n<li>Dans un petit bol, pr\u00e9pare la vinaigrette en m\u00e9langeant le jus de citron, l&rsquo;huile d&rsquo;olive, le cumin en poudre, le sel et le poivre.<\/li>\n<li>Versez la vinaigrette sur la salade de p\u00e2tes et l\u00e9gumes, et m\u00e9langez d\u00e9licatement pour bien enrober tous les ingr\u00e9dients.<br \/>\nServez frais.<\/li>\n<\/ol>\n","protected":false},"excerpt":{"rendered":"<p>Salade de p\u00e2tes croquantes aux l\u00e9gumes frais, relev\u00e9e d&rsquo;une vinaigrette citronn\u00e9e et de coriandre. Fra\u00eecheur assur\u00e9e !<\/p>\n","protected":false},"featured_media":615,"comment_status":"open","ping_status":"closed","template":"","meta":[],"product_brand":[],"product_cat":[30],"product_tag":[38,37],"class_list":{"0":"post-567","1":"product","2":"type-product","3":"status-publish","4":"has-post-thumbnail","6":"product_cat-pasta-chinoise","7":"product_tag-entree","8":"product_tag-salade-de-pates","10":"first","11":"instock","12":"shipping-taxable","13":"purchasable","14":"product-type-simple","15":"add-to-wishlist-after_add_to_cart"},"_links":{"self":[{"href":"https:\/\/www.pasta-du-monde.com\/fr\/wp-json\/wp\/v2\/product\/567","targetHints":{"allow":["GET"]}}],"collection":[{"href":"https:\/\/www.pasta-du-monde.com\/fr\/wp-json\/wp\/v2\/product"}],"about":[{"href":"https:\/\/www.pasta-du-monde.com\/fr\/wp-json\/wp\/v2\/types\/product"}],"replies":[{"embeddable":true,"href":"https:\/\/www.pasta-du-monde.com\/fr\/wp-json\/wp\/v2\/comments?post=567"}],"wp:featuredmedia":[{"embeddable":true,"href":"https:\/\/www.pasta-du-monde.com\/fr\/wp-json\/wp\/v2\/media\/615"}],"wp:attachment":[{"href":"https:\/\/www.pasta-du-monde.com\/fr\/wp-json\/wp\/v2\/media?parent=567"}],"wp:term":[{"taxonomy":"product_brand","embeddable":true,"href":"https:\/\/www.pasta-du-monde.com\/fr\/wp-json\/wp\/v2\/product_brand?post=567"},{"taxonomy":"product_cat","embeddable":true,"href":"https:\/\/www.pasta-du-monde.com\/fr\/wp-json\/wp\/v2\/product_cat?post=567"},{"taxonomy":"product_tag","embeddable":true,"href":"https:\/\/www.pasta-du-monde.com\/fr\/wp-json\/wp\/v2\/product_tag?post=567"}],"curies":[{"name":"wp","href":"https:\/\/api.w.org\/{rel}","templated":true}]}}