{"id":575,"date":"2024-06-15T04:24:34","date_gmt":"2024-06-15T04:24:34","guid":{"rendered":"https:\/\/www.pasta-du-monde.com\/?post_type=product&#038;p=575"},"modified":"2024-07-18T12:31:44","modified_gmt":"2024-07-18T12:31:44","slug":"penne-a-la-sauce-curry-et-legumes","status":"publish","type":"product","link":"https:\/\/www.pasta-du-monde.com\/fr\/produit\/penne-a-la-sauce-curry-et-legumes\/","title":{"rendered":"Penne \u00e0 la Sauce Curry et L\u00e9gumes"},"content":{"rendered":"<p>Un plat v\u00e9g\u00e9tarien r\u00e9confortant aux d\u00e9licieuses saveurs tha\u00eflandaises! Des pennes al dente sont parfaitement enrob\u00e9es d&rsquo;une sauce curry jaune onctueuse, o\u00f9 le lait de coco apporte une touche cr\u00e9meuse. Des l\u00e9gumes de saison tels que carottes, petits pois et poivrons viennent apporter fra\u00eecheur et croquant. Rehauss\u00e9 de coriandre fra\u00eeche, un r\u00e9gal d\u00e9paysant id\u00e9al pour une \u00e9vasion culinaire exotique.<\/p>\n<p><strong>Ingr\u00e9dients :<\/strong> Penne, sauce curry jaune, l\u00e9gumes de saison (carottes, petits pois, poivrons), lait de coco, coriandre fra\u00eeche.<\/p>\n<p><strong>Pr\u00e9paration :<\/strong><\/p>\n<ol>\n<li>Faites cuire les penne selon les instructions sur l&#8217;emballage.<\/li>\n<li>Faites revenir les l\u00e9gumes dans un peu d&rsquo;huile, ajoutez la sauce curry et le lait de coco.<\/li>\n<li>M\u00e9langez les penne avec la sauce et les l\u00e9gumes, garnissez de coriandre fra\u00eeche.<\/li>\n<\/ol>\n","protected":false},"excerpt":{"rendered":"<p>Pennes baign\u00e9es dans une sauce curry jaune cr\u00e9meuse, avec l\u00e9gumes de saison. Saveurs tha\u00eflandaises v\u00e9g\u00e9tariennes.<\/p>\n","protected":false},"featured_media":1101,"comment_status":"open","ping_status":"closed","template":"","meta":[],"product_brand":[],"product_cat":[31],"product_tag":[39],"class_list":{"0":"post-575","1":"product","2":"type-product","3":"status-publish","4":"has-post-thumbnail","6":"product_cat-pasta-indienne","7":"product_tag-plats","9":"first","10":"instock","11":"shipping-taxable","12":"purchasable","13":"product-type-simple","14":"add-to-wishlist-after_add_to_cart"},"_links":{"self":[{"href":"https:\/\/www.pasta-du-monde.com\/fr\/wp-json\/wp\/v2\/product\/575","targetHints":{"allow":["GET"]}}],"collection":[{"href":"https:\/\/www.pasta-du-monde.com\/fr\/wp-json\/wp\/v2\/product"}],"about":[{"href":"https:\/\/www.pasta-du-monde.com\/fr\/wp-json\/wp\/v2\/types\/product"}],"replies":[{"embeddable":true,"href":"https:\/\/www.pasta-du-monde.com\/fr\/wp-json\/wp\/v2\/comments?post=575"}],"wp:featuredmedia":[{"embeddable":true,"href":"https:\/\/www.pasta-du-monde.com\/fr\/wp-json\/wp\/v2\/media\/1101"}],"wp:attachment":[{"href":"https:\/\/www.pasta-du-monde.com\/fr\/wp-json\/wp\/v2\/media?parent=575"}],"wp:term":[{"taxonomy":"product_brand","embeddable":true,"href":"https:\/\/www.pasta-du-monde.com\/fr\/wp-json\/wp\/v2\/product_brand?post=575"},{"taxonomy":"product_cat","embeddable":true,"href":"https:\/\/www.pasta-du-monde.com\/fr\/wp-json\/wp\/v2\/product_cat?post=575"},{"taxonomy":"product_tag","embeddable":true,"href":"https:\/\/www.pasta-du-monde.com\/fr\/wp-json\/wp\/v2\/product_tag?post=575"}],"curies":[{"name":"wp","href":"https:\/\/api.w.org\/{rel}","templated":true}]}}