{"id":676,"date":"2024-06-18T14:33:26","date_gmt":"2024-06-18T14:33:26","guid":{"rendered":"https:\/\/www.pasta-du-monde.com\/?post_type=product&#038;p=676"},"modified":"2024-07-18T10:22:49","modified_gmt":"2024-07-18T10:22:49","slug":"pate-thai-aux-crevettes-et-pates-italienne","status":"publish","type":"product","link":"https:\/\/www.pasta-du-monde.com\/fr\/produit\/pate-thai-aux-crevettes-et-pates-italienne\/","title":{"rendered":"Pad Tha\u00ef aux Crevettes avec Tagliatelles"},"content":{"rendered":"<p>Une fusion savoureuse entre l&rsquo;Italie et la Tha\u00eflande ! Des p\u00e2tes al dente sont saut\u00e9es avec de savoureuses crevettes, l\u00e9gumes croquants et une sauce typique au tamarinde, soja et citron vert. Le tout est relev\u00e9 d&rsquo;oignons dor\u00e9s et d&rsquo;ail parfum\u00e9. Parsem\u00e9es de coriandre fra\u00eeche, cacahu\u00e8tes grill\u00e9es et concombre, ces p\u00e2tes vous feront voyager aux confins des saveurs tha\u00efes dans un d\u00e9licieux mariage des cultures.<\/p>\n<p><strong>Ingr\u00e9dients :<\/strong> P\u00e2tes (penne, fusilli, etc.), concombre, tomate, oignon rouge, poivron vert, poivron rouge, coriandre fra\u00eeche, jus de citron, huile d&rsquo;olive, cumin en poudre, sel, poivre.<\/p>\n<p><strong>Pr\u00e9paration :<\/strong><\/p>\n<ol>\n<li>Fais cuire les p\u00e2tes selon les instructions sur l&#8217;emballage, puis \u00e9goutte-les et r\u00e9serve-les.<\/li>\n<li>Dans une po\u00eale, chauffe l&rsquo;huile \u00e0 feu moyen. Ajoute l&rsquo;ail \u00e9minc\u00e9 et l&rsquo;oignon rouge hach\u00e9, puis fais-les sauter pendant quelques minutes jusqu&rsquo;\u00e0 ce qu&rsquo;ils soient dor\u00e9s et parfum\u00e9s.<\/li>\n<li>Ajoute les crevettes dans la po\u00eale et fais-les cuire jusqu&rsquo;\u00e0 ce qu&rsquo;elles deviennent roses et opaques, environ 2-3 minutes de chaque c\u00f4t\u00e9.<\/li>\n<li>Pousse les crevettes sur le c\u00f4t\u00e9 de la po\u00eale et casse l&rsquo;\u0153uf dans la partie vide. Remue l&rsquo;\u0153uf jusqu&rsquo;\u00e0 ce qu&rsquo;il soit bien cuit, puis m\u00e9lange-le avec les crevettes.<\/li>\n<li>Ajoute le poivron rouge coup\u00e9 en lamelles et les lamelles de carotte dans la po\u00eale, et fais-les sauter pendant quelques minutes jusqu&rsquo;\u00e0 ce qu&rsquo;ils soient l\u00e9g\u00e8rement ramollis.<\/li>\n<li>Ajoute les p\u00e2tes cuites dans la po\u00eale avec les l\u00e9gumes et les crevettes.<\/li>\n<li>Dans un petit bol, m\u00e9lange la sauce soja, la sauce au poisson, le jus de citron vert et le sucre brun. Versez cette sauce sur les p\u00e2tes et m\u00e9langez bien pour enrober tous les ingr\u00e9dients.<\/li>\n<li>Pour servir, dispose les p\u00e2tes dans une assiette, garnis avec des lamelles de concombre, des cacahu\u00e8tes grill\u00e9es concass\u00e9es et de la coriandre fra\u00eeche hach\u00e9e.<\/li>\n<\/ol>\n","protected":false},"excerpt":{"rendered":"<p>Un d\u00e9licieux Pad Tha\u00ef aux Crevettes et P\u00e2tes Italienne, une fusion de saveurs tha\u00eflandaises et italiennes.<\/p>\n","protected":false},"featured_media":672,"comment_status":"open","ping_status":"closed","template":"","meta":[],"product_brand":[],"product_cat":[16],"product_tag":[39],"class_list":{"0":"post-676","1":"product","2":"type-product","3":"status-publish","4":"has-post-thumbnail","6":"product_cat-pasta-thailandaise","7":"product_tag-plats","9":"first","10":"instock","11":"shipping-taxable","12":"purchasable","13":"product-type-simple","14":"add-to-wishlist-after_add_to_cart"},"_links":{"self":[{"href":"https:\/\/www.pasta-du-monde.com\/fr\/wp-json\/wp\/v2\/product\/676","targetHints":{"allow":["GET"]}}],"collection":[{"href":"https:\/\/www.pasta-du-monde.com\/fr\/wp-json\/wp\/v2\/product"}],"about":[{"href":"https:\/\/www.pasta-du-monde.com\/fr\/wp-json\/wp\/v2\/types\/product"}],"replies":[{"embeddable":true,"href":"https:\/\/www.pasta-du-monde.com\/fr\/wp-json\/wp\/v2\/comments?post=676"}],"wp:featuredmedia":[{"embeddable":true,"href":"https:\/\/www.pasta-du-monde.com\/fr\/wp-json\/wp\/v2\/media\/672"}],"wp:attachment":[{"href":"https:\/\/www.pasta-du-monde.com\/fr\/wp-json\/wp\/v2\/media?parent=676"}],"wp:term":[{"taxonomy":"product_brand","embeddable":true,"href":"https:\/\/www.pasta-du-monde.com\/fr\/wp-json\/wp\/v2\/product_brand?post=676"},{"taxonomy":"product_cat","embeddable":true,"href":"https:\/\/www.pasta-du-monde.com\/fr\/wp-json\/wp\/v2\/product_cat?post=676"},{"taxonomy":"product_tag","embeddable":true,"href":"https:\/\/www.pasta-du-monde.com\/fr\/wp-json\/wp\/v2\/product_tag?post=676"}],"curies":[{"name":"wp","href":"https:\/\/api.w.org\/{rel}","templated":true}]}}